{"id":154,"date":"2019-02-25T10:59:32","date_gmt":"2019-02-25T10:59:32","guid":{"rendered":"http:\/\/vihan.themestek.com\/?page_id=154"},"modified":"2021-04-16T11:09:01","modified_gmt":"2021-04-16T11:09:01","slug":"homepage-5","status":"publish","type":"page","link":"https:\/\/apafid.pt\/blog\/","title":{"rendered":"Homepage 5"},"content":{"rendered":"<p>[vc_row css=&#8221;.vc_custom_1553855206415{padding-bottom: 60px !important;}&#8221; themestek_responsive_css=&#8221;79962964|colbreak_no|||||||||colbreak_no|||||||||colbreak_no|||||10||0|||colbreak_no|||||||||&#8221;][vc_column css=&#8221;.vc_custom_1618571281652{padding-right: 15px !important;padding-left: 15px !important;}&#8221; el_class=&#8221;stikyprimary&#8221;]<div class=\"themestek-boxes themestek-boxes-blog themestek-boxes-view-default themestek-boxes-col-two themestek-boxes-sortable-no themestek-boxes-textalign-center themestek-boxes-sortablebutton- \">\r\n\t\t<div class=\"themestek-boxes-inner themestek-boxes-blog-inner \">\r\n\t\t\t\r\n\t\t\t\r\n\t\t\t<div class=\"row multi-columns-row themestek-boxes-row-wrapper\">\r\n\t\t\t\t<div class=\"themestek-box-col-wrapper col-lg-6 col-sm-6 col-md-6 col-xs-12 blog dislexia\"><article class=\"themestek-box themestek-box-blog themestek-blogbox-style-2 themestek-blogbox-format-gallery \">\r\n\t<div class=\"post-item\">\r\n\t\t\t\t<div class=\"themestek-featured-outer-wrapper themestek-post-featured-outer-wrapper\">\r\n\t\t\t<div class=\"themestek-featured-wrapper themestek-post-featured-wrapper themestek-post-format-gallery\"><div class=\"themestek-slick-carousel-wrapper\"><div class=\"themestek-flexslider\"><ul class=\"slides\"><li><img loading=\"lazy\" decoding=\"async\" width=\"800\" height=\"620\" src=\"https:\/\/apafid.pt\/blog\/wp-content\/uploads\/2021\/12\/cartaz-800x620.jpg\" class=\"attachment-themestek-img-800x620 size-themestek-img-800x620\" alt=\"\" data-id=\"621\" \/><\/li><\/ul><\/div><\/div><\/div>\t\t<\/div>\t\r\n\r\n\t\t<div class=\"themestek-box-content\">\t\r\n\t\t\t<!-- Meta -->\r\n\t\t\t<div class=\"themestek-entry-meta-wrapper\"><div class=\"entry-meta themestek-entry-meta themestek-entry-meta-blogbox\"><span class=\"themestek-meta-line cat-links\"><span class=\"screen-reader-text themestek-hide\">Categories <\/span><a href=\"https:\/\/apafid.pt\/blog\/category\/blog\/\">Blog<\/a> <a href=\"https:\/\/apafid.pt\/blog\/category\/dislexia\/\">Dislexia<\/a><\/span><\/div><\/div>\t\t\r\n\t\t\t<div class=\"themestek-box-title\"><h4><a href=\"https:\/\/apafid.pt\/blog\/formacao-mente-atenta-mente-aberta\/\">Forma\u00e7\u00e3o &#8220;Mente Atenta, Mente Aberta&#8221;<\/a><\/h4><\/div>\r\n\t\t\t<div class=\"themestek-box-desc\">\r\n\t\t\t\t<div class=\"themestek-box-desc-footer\">\r\n\t\t\t\t\t<div class=\"themestek-blogbox-desc-footer\">\r\n\r\n\t\t\t\t\t\t<span class=\"themestek-avatar\">\r\n\t\t\t\t\t\t\t<span class=\"themestek-meta-by\">by<\/span>\r\n\t\t\t\t\t\t\tAPAFID\t\t\t\t\t\t<\/span>\r\n\r\n\t\t\t\t\t\t<span class=\"themestek-meta-line posted-on\">\r\n\t\t\t\t\t\t\t<span class=\"screen-reader-text themestek-hide\">\r\n\t\t\t\t\t\t\t\tPosted on\t\t\t\t\t\t\t<\/span>\r\n\t\t\t\t\t\t\t<a href=\"https:\/\/apafid.pt\/blog\/formacao-mente-atenta-mente-aberta\/\" rel=\"bookmark\">\r\n\t\t\t\t\t\t\t\t<time class=\"entry-date published\" datetime=\"2021-12-13T16:56:17+00:00\">Dezembro 13, 2021<\/time>\r\n\t\t\t\t\t\t\t\t<time class=\"updated themestek-hide\" datetime=\"2021-12-13T16:56:17+00:00\">Dezembro 13, 2021<\/time>\r\n\t\t\t\t\t\t\t<\/a>\r\n\t\t\t\t\t\t<\/span>\r\n\r\n\t\t\t\t\t<\/div>\r\n\t\t\t\t   <div class=\"themestek-box-desc-text\">\r\n\t\t\t\t   \t<P>\u00a0\u201cMente Atenta, Mente Aberta\u201d - 19 e 26 de janeiro (Online) Contamos com a presen\u00e7a da Prof. Margarida Fonseca professora de Pedagogia e de Forma\u00e7\u00e3o Musical em v\u00e1rias escolas. A formadora conta com mais de 100 livros publicados, sendo a maioria na \u00e1rea infantojuvenil, grande parte inclu\u00eddos no Cat\u00e1logo do&hellip;<\/P>\r\n\t\t\t\t   <\/div>\r\n\t\t\t\t   \t<div class=\"themestek-blogbox-footer-readmore\">\r\n\t\t\t\t\t\t<div class=\"themestek-blogbox-footer-left themestek-wrap-cell\"><a href=\"https:\/\/apafid.pt\/blog\/formacao-mente-atenta-mente-aberta\/\">Ler mais<\/a><\/div>\t\t\t\t\t<\/div>\r\n\t\t\t\t<\/div>\r\n\t\t\t<\/div>\t\t\t\r\n\t\t<\/div>\r\n\r\n\t<\/div>\r\n<\/article><\/div><div class=\"themestek-box-col-wrapper col-lg-6 col-sm-6 col-md-6 col-xs-12 blog dislexia\"><article class=\"themestek-box themestek-box-blog themestek-blogbox-style-2 themestek-blogbox-format- \">\r\n\t<div class=\"post-item\">\r\n\t\t\t\t<div class=\"themestek-featured-outer-wrapper themestek-post-featured-outer-wrapper\">\r\n\t\t\t<div class=\"themestek-featured-wrapper themestek-post-featured-wrapper themestek-post-format-\"><img loading=\"lazy\" decoding=\"async\" width=\"800\" height=\"620\" src=\"https:\/\/apafid.pt\/blog\/wp-content\/uploads\/2021\/07\/Cartaz-PNL-800x620.jpg\" class=\"attachment-themestek-img-800x620 size-themestek-img-800x620 wp-post-image\" alt=\"\" data-id=\"616\" \/><\/div>\t\t<\/div>\t\r\n\r\n\t\t<div class=\"themestek-box-content\">\t\r\n\t\t\t<!-- Meta -->\r\n\t\t\t<div class=\"themestek-entry-meta-wrapper\"><div class=\"entry-meta themestek-entry-meta themestek-entry-meta-blogbox\"><span class=\"themestek-meta-line cat-links\"><span class=\"screen-reader-text themestek-hide\">Categories <\/span><a href=\"https:\/\/apafid.pt\/blog\/category\/blog\/\">Blog<\/a> <a href=\"https:\/\/apafid.pt\/blog\/category\/dislexia\/\">Dislexia<\/a><\/span><\/div><\/div>\t\t\r\n\t\t\t<div class=\"themestek-box-title\"><h4><a href=\"https:\/\/apafid.pt\/blog\/curso-de-introducao-a-programacao-neurolinguistica-pnl\/\">Curso de Introdu\u00e7\u00e3o \u00e0 Programa\u00e7\u00e3o Neurolingu\u00edstica (PNL)<\/a><\/h4><\/div>\r\n\t\t\t<div class=\"themestek-box-desc\">\r\n\t\t\t\t<div class=\"themestek-box-desc-footer\">\r\n\t\t\t\t\t<div class=\"themestek-blogbox-desc-footer\">\r\n\r\n\t\t\t\t\t\t<span class=\"themestek-avatar\">\r\n\t\t\t\t\t\t\t<span class=\"themestek-meta-by\">by<\/span>\r\n\t\t\t\t\t\t\tAPAFID\t\t\t\t\t\t<\/span>\r\n\r\n\t\t\t\t\t\t<span class=\"themestek-meta-line posted-on\">\r\n\t\t\t\t\t\t\t<span class=\"screen-reader-text themestek-hide\">\r\n\t\t\t\t\t\t\t\tPosted on\t\t\t\t\t\t\t<\/span>\r\n\t\t\t\t\t\t\t<a href=\"https:\/\/apafid.pt\/blog\/curso-de-introducao-a-programacao-neurolinguistica-pnl\/\" rel=\"bookmark\">\r\n\t\t\t\t\t\t\t\t<time class=\"entry-date published\" datetime=\"2021-07-26T20:39:29+00:00\">Julho 26, 2021<\/time>\r\n\t\t\t\t\t\t\t\t<time class=\"updated themestek-hide\" datetime=\"2021-07-26T20:39:46+00:00\">Julho 26, 2021<\/time>\r\n\t\t\t\t\t\t\t<\/a>\r\n\t\t\t\t\t\t<\/span>\r\n\r\n\t\t\t\t\t<\/div>\r\n\t\t\t\t   <div class=\"themestek-box-desc-text\">\r\n\t\t\t\t   \t<P>Save the date 4 e 5 de setembro\u00a0\u2013 FORMA\u00c7\u00c3O EM PROGRAMA\u00c7\u00c3O NEUROLINGU\u00cdSTICA &nbsp; Temos o prazer de anunciar que contaremos com a presen\u00e7a do Dr. Ricardo Mendoza, especialista em Programa\u00e7\u00e3o Neurolingu\u00edstica (PNL) e Resultados M\u00e1ximos, que dinamizar\u00e1 um fim de semana formativo, em colabora\u00e7\u00e3o com a APAFID. Ser\u00e3o abordados aspetos&hellip;<\/P>\r\n\t\t\t\t   <\/div>\r\n\t\t\t\t   \t<div class=\"themestek-blogbox-footer-readmore\">\r\n\t\t\t\t\t\t<div class=\"themestek-blogbox-footer-left themestek-wrap-cell\"><a href=\"https:\/\/apafid.pt\/blog\/curso-de-introducao-a-programacao-neurolinguistica-pnl\/\">Ler mais<\/a><\/div>\t\t\t\t\t<\/div>\r\n\t\t\t\t<\/div>\r\n\t\t\t<\/div>\t\t\t\r\n\t\t<\/div>\r\n\r\n\t<\/div>\r\n<\/article><\/div><div class=\"themestek-box-col-wrapper col-lg-6 col-sm-6 col-md-6 col-xs-12 blog dislexia\"><article class=\"themestek-box themestek-box-blog themestek-blogbox-style-2 themestek-blogbox-format- \">\r\n\t<div class=\"post-item\">\r\n\t\t\t\t<div class=\"themestek-featured-outer-wrapper themestek-post-featured-outer-wrapper\">\r\n\t\t\t<div class=\"themestek-featured-wrapper themestek-post-featured-wrapper themestek-post-format-\"><img loading=\"lazy\" decoding=\"async\" width=\"277\" height=\"182\" src=\"https:\/\/apafid.pt\/blog\/wp-content\/uploads\/2021\/04\/dislexia.jpg\" class=\"attachment-themestek-img-800x620 size-themestek-img-800x620 wp-post-image\" alt=\"\" data-id=\"554\" \/><\/div>\t\t<\/div>\t\r\n\r\n\t\t<div class=\"themestek-box-content\">\t\r\n\t\t\t<!-- Meta -->\r\n\t\t\t<div class=\"themestek-entry-meta-wrapper\"><div class=\"entry-meta themestek-entry-meta themestek-entry-meta-blogbox\"><span class=\"themestek-meta-line cat-links\"><span class=\"screen-reader-text themestek-hide\">Categories <\/span><a href=\"https:\/\/apafid.pt\/blog\/category\/blog\/\">Blog<\/a> <a href=\"https:\/\/apafid.pt\/blog\/category\/dislexia\/\">Dislexia<\/a><\/span><\/div><\/div>\t\t\r\n\t\t\t<div class=\"themestek-box-title\"><h4><a href=\"https:\/\/apafid.pt\/blog\/dislexia-recomendacoes-e-estrategias-para-pais\/\">Dislexia &#8211; Recomenda\u00e7\u00f5es e estrat\u00e9gias para pais<\/a><\/h4><\/div>\r\n\t\t\t<div class=\"themestek-box-desc\">\r\n\t\t\t\t<div class=\"themestek-box-desc-footer\">\r\n\t\t\t\t\t<div class=\"themestek-blogbox-desc-footer\">\r\n\r\n\t\t\t\t\t\t<span class=\"themestek-avatar\">\r\n\t\t\t\t\t\t\t<span class=\"themestek-meta-by\">by<\/span>\r\n\t\t\t\t\t\t\tAPAFID\t\t\t\t\t\t<\/span>\r\n\r\n\t\t\t\t\t\t<span class=\"themestek-meta-line posted-on\">\r\n\t\t\t\t\t\t\t<span class=\"screen-reader-text themestek-hide\">\r\n\t\t\t\t\t\t\t\tPosted on\t\t\t\t\t\t\t<\/span>\r\n\t\t\t\t\t\t\t<a href=\"https:\/\/apafid.pt\/blog\/dislexia-recomendacoes-e-estrategias-para-pais\/\" rel=\"bookmark\">\r\n\t\t\t\t\t\t\t\t<time class=\"entry-date published\" datetime=\"2021-05-26T09:52:38+00:00\">Maio 26, 2021<\/time>\r\n\t\t\t\t\t\t\t\t<time class=\"updated themestek-hide\" datetime=\"2021-05-26T09:54:41+00:00\">Maio 26, 2021<\/time>\r\n\t\t\t\t\t\t\t<\/a>\r\n\t\t\t\t\t\t<\/span>\r\n\r\n\t\t\t\t\t<\/div>\r\n\t\t\t\t   <div class=\"themestek-box-desc-text\">\r\n\t\t\t\t   \t<P>A presen\u00e7a e o acompanhamento da fam\u00edlia e\/ou de pessoas mais pr\u00f3ximas e significativas para crian\u00e7as e jovens com Dislexia revela-se fundamental em v\u00e1rios aspetos na vida destas pessoas, designadamente, na sua motiva\u00e7\u00e3o, autoestima, autoconfian\u00e7a e, consequentemente, nas suas aprendizagens e sucesso acad\u00e9mico. Desse modo, s\u00e3o apresentadas algumas recomenda\u00e7\u00f5es e&hellip;<\/P>\r\n\t\t\t\t   <\/div>\r\n\t\t\t\t   \t<div class=\"themestek-blogbox-footer-readmore\">\r\n\t\t\t\t\t\t<div class=\"themestek-blogbox-footer-left themestek-wrap-cell\"><a href=\"https:\/\/apafid.pt\/blog\/dislexia-recomendacoes-e-estrategias-para-pais\/\">Ler mais<\/a><\/div>\t\t\t\t\t<\/div>\r\n\t\t\t\t<\/div>\r\n\t\t\t<\/div>\t\t\t\r\n\t\t<\/div>\r\n\r\n\t<\/div>\r\n<\/article><\/div><div class=\"themestek-box-col-wrapper col-lg-6 col-sm-6 col-md-6 col-xs-12 blog dislexia\"><article class=\"themestek-box themestek-box-blog themestek-blogbox-style-2 themestek-blogbox-format- \">\r\n\t<div class=\"post-item\">\r\n\t\t\t\t<div class=\"themestek-featured-outer-wrapper themestek-post-featured-outer-wrapper\">\r\n\t\t\t<div class=\"themestek-featured-wrapper themestek-post-featured-wrapper themestek-post-format-\"><img loading=\"lazy\" decoding=\"async\" width=\"277\" height=\"182\" src=\"https:\/\/apafid.pt\/blog\/wp-content\/uploads\/2021\/04\/dislexia.jpg\" class=\"attachment-themestek-img-800x620 size-themestek-img-800x620 wp-post-image\" alt=\"\" data-id=\"554\" \/><\/div>\t\t<\/div>\t\r\n\r\n\t\t<div class=\"themestek-box-content\">\t\r\n\t\t\t<!-- Meta -->\r\n\t\t\t<div class=\"themestek-entry-meta-wrapper\"><div class=\"entry-meta themestek-entry-meta themestek-entry-meta-blogbox\"><span class=\"themestek-meta-line cat-links\"><span class=\"screen-reader-text themestek-hide\">Categories <\/span><a href=\"https:\/\/apafid.pt\/blog\/category\/blog\/\">Blog<\/a> <a href=\"https:\/\/apafid.pt\/blog\/category\/dislexia\/\">Dislexia<\/a><\/span><\/div><\/div>\t\t\r\n\t\t\t<div class=\"themestek-box-title\"><h4><a href=\"https:\/\/apafid.pt\/blog\/sinais-de-alerta-nos-2o-3o-ciclo-e-secundario\/\">Sinais de Alerta nos 2\u00ba, 3\u00ba ciclo e secund\u00e1rio<\/a><\/h4><\/div>\r\n\t\t\t<div class=\"themestek-box-desc\">\r\n\t\t\t\t<div class=\"themestek-box-desc-footer\">\r\n\t\t\t\t\t<div class=\"themestek-blogbox-desc-footer\">\r\n\r\n\t\t\t\t\t\t<span class=\"themestek-avatar\">\r\n\t\t\t\t\t\t\t<span class=\"themestek-meta-by\">by<\/span>\r\n\t\t\t\t\t\t\tAPAFID\t\t\t\t\t\t<\/span>\r\n\r\n\t\t\t\t\t\t<span class=\"themestek-meta-line posted-on\">\r\n\t\t\t\t\t\t\t<span class=\"screen-reader-text themestek-hide\">\r\n\t\t\t\t\t\t\t\tPosted on\t\t\t\t\t\t\t<\/span>\r\n\t\t\t\t\t\t\t<a href=\"https:\/\/apafid.pt\/blog\/sinais-de-alerta-nos-2o-3o-ciclo-e-secundario\/\" rel=\"bookmark\">\r\n\t\t\t\t\t\t\t\t<time class=\"entry-date published\" datetime=\"2021-05-26T09:51:40+00:00\">Maio 26, 2021<\/time>\r\n\t\t\t\t\t\t\t\t<time class=\"updated themestek-hide\" datetime=\"2021-05-26T09:55:19+00:00\">Maio 26, 2021<\/time>\r\n\t\t\t\t\t\t\t<\/a>\r\n\t\t\t\t\t\t<\/span>\r\n\r\n\t\t\t\t\t<\/div>\r\n\t\t\t\t   <div class=\"themestek-box-desc-text\">\r\n\t\t\t\t   \t<P>As dificuldades na leitura e na escrita continuam presentes traduzindo-se numa leitura vacilante e lenta para a sua idade e grau acad\u00e9mico; Necessidade de tempo suplementar para concluir as tarefas; Presen\u00e7a de erros na escrita; Recurso a palavras simples e familiares; Prefer\u00eancia por trabalhos e \u00e1reas mais especializadas e pr\u00e1ticas,&hellip;<\/P>\r\n\t\t\t\t   <\/div>\r\n\t\t\t\t   \t<div class=\"themestek-blogbox-footer-readmore\">\r\n\t\t\t\t\t\t<div class=\"themestek-blogbox-footer-left themestek-wrap-cell\"><a href=\"https:\/\/apafid.pt\/blog\/sinais-de-alerta-nos-2o-3o-ciclo-e-secundario\/\">Ler mais<\/a><\/div>\t\t\t\t\t<\/div>\r\n\t\t\t\t<\/div>\r\n\t\t\t<\/div>\t\t\t\r\n\t\t<\/div>\r\n\r\n\t<\/div>\r\n<\/article><\/div><div class=\"themestek-box-col-wrapper col-lg-6 col-sm-6 col-md-6 col-xs-12 blog dislexia\"><article class=\"themestek-box themestek-box-blog themestek-blogbox-style-2 themestek-blogbox-format- \">\r\n\t<div class=\"post-item\">\r\n\t\t\t\t<div class=\"themestek-featured-outer-wrapper themestek-post-featured-outer-wrapper\">\r\n\t\t\t<div class=\"themestek-featured-wrapper themestek-post-featured-wrapper themestek-post-format-\"><img loading=\"lazy\" decoding=\"async\" width=\"277\" height=\"182\" src=\"https:\/\/apafid.pt\/blog\/wp-content\/uploads\/2021\/04\/dislexia.jpg\" class=\"attachment-themestek-img-800x620 size-themestek-img-800x620 wp-post-image\" alt=\"\" data-id=\"554\" \/><\/div>\t\t<\/div>\t\r\n\r\n\t\t<div class=\"themestek-box-content\">\t\r\n\t\t\t<!-- Meta -->\r\n\t\t\t<div class=\"themestek-entry-meta-wrapper\"><div class=\"entry-meta themestek-entry-meta themestek-entry-meta-blogbox\"><span class=\"themestek-meta-line cat-links\"><span class=\"screen-reader-text themestek-hide\">Categories <\/span><a href=\"https:\/\/apafid.pt\/blog\/category\/blog\/\">Blog<\/a> <a href=\"https:\/\/apafid.pt\/blog\/category\/dislexia\/\">Dislexia<\/a><\/span><\/div><\/div>\t\t\r\n\t\t\t<div class=\"themestek-box-title\"><h4><a href=\"https:\/\/apafid.pt\/blog\/sinais-de-alerta-na-idade-escolar-1o-ciclo\/\">Sinais de Alerta na Idade Escolar \u2013 1\u00ba ciclo<\/a><\/h4><\/div>\r\n\t\t\t<div class=\"themestek-box-desc\">\r\n\t\t\t\t<div class=\"themestek-box-desc-footer\">\r\n\t\t\t\t\t<div class=\"themestek-blogbox-desc-footer\">\r\n\r\n\t\t\t\t\t\t<span class=\"themestek-avatar\">\r\n\t\t\t\t\t\t\t<span class=\"themestek-meta-by\">by<\/span>\r\n\t\t\t\t\t\t\tAPAFID\t\t\t\t\t\t<\/span>\r\n\r\n\t\t\t\t\t\t<span class=\"themestek-meta-line posted-on\">\r\n\t\t\t\t\t\t\t<span class=\"screen-reader-text themestek-hide\">\r\n\t\t\t\t\t\t\t\tPosted on\t\t\t\t\t\t\t<\/span>\r\n\t\t\t\t\t\t\t<a href=\"https:\/\/apafid.pt\/blog\/sinais-de-alerta-na-idade-escolar-1o-ciclo\/\" rel=\"bookmark\">\r\n\t\t\t\t\t\t\t\t<time class=\"entry-date published\" datetime=\"2021-05-26T09:50:49+00:00\">Maio 26, 2021<\/time>\r\n\t\t\t\t\t\t\t\t<time class=\"updated themestek-hide\" datetime=\"2021-05-26T09:56:23+00:00\">Maio 26, 2021<\/time>\r\n\t\t\t\t\t\t\t<\/a>\r\n\t\t\t\t\t\t<\/span>\r\n\r\n\t\t\t\t\t<\/div>\r\n\t\t\t\t   <div class=\"themestek-box-desc-text\">\r\n\t\t\t\t   \t<P>Lentid\u00e3o na aprendizagem da leitura e escrita, bem como na memoriza\u00e7\u00e3o das letras; Dificuldade em compreender que as palavras se podem segmentar em s\u00edlabas e fonemas (segmenta\u00e7\u00e3o sil\u00e1bica e fon\u00e9mica); Dificuldade na consci\u00eancia fonol\u00f3gica; A velocidade da leitura \u00e9, significativamente, abaixo do esperado para a sua idade; A leitura e&hellip;<\/P>\r\n\t\t\t\t   <\/div>\r\n\t\t\t\t   \t<div class=\"themestek-blogbox-footer-readmore\">\r\n\t\t\t\t\t\t<div class=\"themestek-blogbox-footer-left themestek-wrap-cell\"><a href=\"https:\/\/apafid.pt\/blog\/sinais-de-alerta-na-idade-escolar-1o-ciclo\/\">Ler mais<\/a><\/div>\t\t\t\t\t<\/div>\r\n\t\t\t\t<\/div>\r\n\t\t\t<\/div>\t\t\t\r\n\t\t<\/div>\r\n\r\n\t<\/div>\r\n<\/article><\/div><div class=\"themestek-box-col-wrapper col-lg-6 col-sm-6 col-md-6 col-xs-12 blog dislexia\"><article class=\"themestek-box themestek-box-blog themestek-blogbox-style-2 themestek-blogbox-format- \">\r\n\t<div class=\"post-item\">\r\n\t\t\t\t<div class=\"themestek-featured-outer-wrapper themestek-post-featured-outer-wrapper\">\r\n\t\t\t<div class=\"themestek-featured-wrapper themestek-post-featured-wrapper themestek-post-format-\"><img loading=\"lazy\" decoding=\"async\" width=\"277\" height=\"182\" src=\"https:\/\/apafid.pt\/blog\/wp-content\/uploads\/2021\/04\/dislexia.jpg\" class=\"attachment-themestek-img-800x620 size-themestek-img-800x620 wp-post-image\" alt=\"\" data-id=\"554\" \/><\/div>\t\t<\/div>\t\r\n\r\n\t\t<div class=\"themestek-box-content\">\t\r\n\t\t\t<!-- Meta -->\r\n\t\t\t<div class=\"themestek-entry-meta-wrapper\"><div class=\"entry-meta themestek-entry-meta themestek-entry-meta-blogbox\"><span class=\"themestek-meta-line cat-links\"><span class=\"screen-reader-text themestek-hide\">Categories <\/span><a href=\"https:\/\/apafid.pt\/blog\/category\/blog\/\">Blog<\/a> <a href=\"https:\/\/apafid.pt\/blog\/category\/dislexia\/\">Dislexia<\/a><\/span><\/div><\/div>\t\t\r\n\t\t\t<div class=\"themestek-box-title\"><h4><a href=\"https:\/\/apafid.pt\/blog\/dislexia-alteracoes-emocionais\/\">Dislexia &#8211; Altera\u00e7\u00f5es emocionais<\/a><\/h4><\/div>\r\n\t\t\t<div class=\"themestek-box-desc\">\r\n\t\t\t\t<div class=\"themestek-box-desc-footer\">\r\n\t\t\t\t\t<div class=\"themestek-blogbox-desc-footer\">\r\n\r\n\t\t\t\t\t\t<span class=\"themestek-avatar\">\r\n\t\t\t\t\t\t\t<span class=\"themestek-meta-by\">by<\/span>\r\n\t\t\t\t\t\t\tAPAFID\t\t\t\t\t\t<\/span>\r\n\r\n\t\t\t\t\t\t<span class=\"themestek-meta-line posted-on\">\r\n\t\t\t\t\t\t\t<span class=\"screen-reader-text themestek-hide\">\r\n\t\t\t\t\t\t\t\tPosted on\t\t\t\t\t\t\t<\/span>\r\n\t\t\t\t\t\t\t<a href=\"https:\/\/apafid.pt\/blog\/dislexia-alteracoes-emocionais\/\" rel=\"bookmark\">\r\n\t\t\t\t\t\t\t\t<time class=\"entry-date published\" datetime=\"2021-05-26T09:49:45+00:00\">Maio 26, 2021<\/time>\r\n\t\t\t\t\t\t\t\t<time class=\"updated themestek-hide\" datetime=\"2021-05-26T09:57:39+00:00\">Maio 26, 2021<\/time>\r\n\t\t\t\t\t\t\t<\/a>\r\n\t\t\t\t\t\t<\/span>\r\n\r\n\t\t\t\t\t<\/div>\r\n\t\t\t\t   <div class=\"themestek-box-desc-text\">\r\n\t\t\t\t   \t<P>Praticamente, todas as perturba\u00e7\u00f5es ou outros problemas de sa\u00fade t\u00eam associados a si outras repercuss\u00f5es. A Dislexia, sendo uma Perturba\u00e7\u00e3o Espec\u00edfica de Aprendizagem com dificuldades ao n\u00edvel da leitura, escrita e matem\u00e1tica, tamb\u00e9m tem vindo a revelar repercuss\u00f5es, nomeadamente, ao n\u00edvel escolar, ao n\u00edvel comportamental e no pr\u00f3prio estado emocional&hellip;<\/P>\r\n\t\t\t\t   <\/div>\r\n\t\t\t\t   \t<div class=\"themestek-blogbox-footer-readmore\">\r\n\t\t\t\t\t\t<div class=\"themestek-blogbox-footer-left themestek-wrap-cell\"><a href=\"https:\/\/apafid.pt\/blog\/dislexia-alteracoes-emocionais\/\">Ler mais<\/a><\/div>\t\t\t\t\t<\/div>\r\n\t\t\t\t<\/div>\r\n\t\t\t<\/div>\t\t\t\r\n\t\t<\/div>\r\n\r\n\t<\/div>\r\n<\/article><\/div>\r\n\t\t\t<\/div>\r\n\t\t<\/div><!-- .themestek-boxes-inner -->   <\/div><!-- .themestek-boxes -->  [\/vc_column][\/vc_row]<\/p>\n","protected":false},"excerpt":{"rendered":"<p>[vc_row css=&#8221;.vc_custom_1553855206415{padding-bottom: 60px !important;}&#8221; themestek_responsive_css=&#8221;79962964|colbreak_no|||||||||colbreak_no|||||||||colbreak_no|||||10||0|||colbreak_no|||||||||&#8221;][vc_column css=&#8221;.vc_custom_1618571281652{padding-right: 15px !important;padding-left: 15px !important;}&#8221; el_class=&#8221;stikyprimary&#8221;][\/vc_column][\/vc_row]<\/p>\n","protected":false},"author":1,"featured_media":0,"parent":0,"menu_order":5,"comment_status":"closed","ping_status":"closed","template":"","meta":{"footnotes":""},"class_list":["post-154","page","type-page","status-publish","hentry"],"_links":{"self":[{"href":"https:\/\/apafid.pt\/blog\/wp-json\/wp\/v2\/pages\/154","targetHints":{"allow":["GET"]}}],"collection":[{"href":"https:\/\/apafid.pt\/blog\/wp-json\/wp\/v2\/pages"}],"about":[{"href":"https:\/\/apafid.pt\/blog\/wp-json\/wp\/v2\/types\/page"}],"author":[{"embeddable":true,"href":"https:\/\/apafid.pt\/blog\/wp-json\/wp\/v2\/users\/1"}],"replies":[{"embeddable":true,"href":"https:\/\/apafid.pt\/blog\/wp-json\/wp\/v2\/comments?post=154"}],"version-history":[{"count":6,"href":"https:\/\/apafid.pt\/blog\/wp-json\/wp\/v2\/pages\/154\/revisions"}],"predecessor-version":[{"id":563,"href":"https:\/\/apafid.pt\/blog\/wp-json\/wp\/v2\/pages\/154\/revisions\/563"}],"wp:attachment":[{"href":"https:\/\/apafid.pt\/blog\/wp-json\/wp\/v2\/media?parent=154"}],"curies":[{"name":"wp","href":"https:\/\/api.w.org\/{rel}","templated":true}]}}